{"id":1330,"date":"2025-12-26T11:44:54","date_gmt":"2025-12-26T10:44:54","guid":{"rendered":"https:\/\/pilzezauber.info\/?page_id=1330"},"modified":"2026-03-29T15:48:12","modified_gmt":"2026-03-29T13:48:12","slug":"stores","status":"publish","type":"page","link":"https:\/\/pilzezauber.info\/en\/shops\/","title":{"rendered":"Stores"},"content":{"rendered":"<h3><\/h3>\n<h3><a href=\"https:\/\/psilol.de\" target=\"_blank\" rel=\"noopener\">Psilol.com<\/a><\/h3>\n<p>the affordable specialty store for microdosing<\/p>\n<h3><a href=\"https:\/\/thortrueffel.com\" target=\"_blank\" rel=\"noopener\">Thortrueffel.com<\/a><\/h3>\n<p>the inexpensive specialty store only for magic truffles (sclerotia = vital giant spores)<\/p>\n<h3><a href=\"https:\/\/Pilzezauber.com\" target=\"_blank\" rel=\"noopener\">MushroomMagic.com<\/a><\/h3>\n<p>the affordable specialty store for magic mushroom growing kits<\/p>\n<h3><a href=\"https:\/\/provithor.com\" target=\"_blank\" rel=\"noopener\">ProviThor.com<\/a><\/h3>\n<p>the reopening of the old store with advertising partners<\/p>","protected":false},"excerpt":{"rendered":"<p>Psilol.de der g\u00fcnstige Spezialshop f\u00fcr Microdosing Thortrueffel.com der g\u00fcnstige Spezialshop nur f\u00fcr Zaubertr\u00fcffel (Sklerotien = vitale Riesensporen) Pilzezauber.com der g\u00fcnstige Spezialshop f\u00fcr Zauberpilzzuchtsets ProviThor.com die Wiederer\u00f6ffnung des alten Shops mit Werbepartnern<\/p>","protected":false},"author":19,"featured_media":0,"parent":0,"menu_order":0,"comment_status":"closed","ping_status":"closed","template":"","meta":{"footnotes":""},"class_list":["post-1330","page","type-page","status-publish","hentry"],"blocksy_meta":[],"_links":{"self":[{"href":"https:\/\/pilzezauber.info\/en\/wp-json\/wp\/v2\/pages\/1330","targetHints":{"allow":["GET"]}}],"collection":[{"href":"https:\/\/pilzezauber.info\/en\/wp-json\/wp\/v2\/pages"}],"about":[{"href":"https:\/\/pilzezauber.info\/en\/wp-json\/wp\/v2\/types\/page"}],"author":[{"embeddable":true,"href":"https:\/\/pilzezauber.info\/en\/wp-json\/wp\/v2\/users\/19"}],"replies":[{"embeddable":true,"href":"https:\/\/pilzezauber.info\/en\/wp-json\/wp\/v2\/comments?post=1330"}],"version-history":[{"count":6,"href":"https:\/\/pilzezauber.info\/en\/wp-json\/wp\/v2\/pages\/1330\/revisions"}],"predecessor-version":[{"id":1463,"href":"https:\/\/pilzezauber.info\/en\/wp-json\/wp\/v2\/pages\/1330\/revisions\/1463"}],"wp:attachment":[{"href":"https:\/\/pilzezauber.info\/en\/wp-json\/wp\/v2\/media?parent=1330"}],"curies":[{"name":"wp","href":"https:\/\/api.w.org\/{rel}","templated":true}]}}